{"id":175,"date":"2018-10-19T12:49:39","date_gmt":"2018-10-19T12:49:39","guid":{"rendered":"http:\/\/praxis-rodriguez.de\/startseite\/?page_id=175"},"modified":"2025-03-17T09:36:48","modified_gmt":"2025-03-17T09:36:48","slug":"aktuelles","status":"publish","type":"page","link":"https:\/\/praxis-rodriguez.de\/startseite\/aktuelles","title":{"rendered":"Aktuelles"},"content":{"rendered":"\n<p><span class=\"has-inline-color has-black-color\"><span style=\"color: #0000ff;\"><strong>&#8211; Praxisbetrieb<\/strong><\/span> &#8211;<\/span><\/p>\n\n\n\n<p><strong>Bitte vereinbaren Sie zun\u00e4chst telefonisch einen Termin f\u00fcr die Sprechstunde.<\/strong><\/p>\n\n\n\n<p>Tel.: 02871 182476<\/p>\n\n\n\n<p>Sprechstundenzeiten:<\/p>\n\n\n\n<p>Montag 8 &#8211; 12:30 Uhr und 15 &#8211; 17:30 Uhr<\/p>\n\n\n\n<p class=\"has-vivid-cyan-blue-color has-text-color\"><span class=\"has-inline-color has-black-color\">Dienstag und Donnerstag durchgehend von 8 &#8211; 16 Uhr<\/span><\/p>\n\n\n\n<p>Mittwoch und Freitag 8 &#8211; 12:30 Uhr<\/p>\n\n\n\n<ul><li>bei <strong>Erk\u00e4ltung<\/strong><\/li><\/ul>\n\n\n\n<p><span style=\"color: #0000ff;\">Erk\u00e4ltungs- bzw. Coronaverdachtsf\u00e4lle bitte <em><u>nicht<\/u><\/em> in die Praxis eintreten<\/span><span style=\"color: #3366ff;\">, sondern an der Praxiseingangst\u00fcr zun\u00e4chst klingeln, Wir holen Sie dann ab. Bitte Mundschutz tragen. Bei Fragen wenden Sie sich direkt an uns telefonisch unter 02871 182476<\/span> <span style=\"color: #3366ff;\">Vielen Dank!<\/span> \u00a0 <\/p>\n\n\n\n<p><\/p>\n\n\n\n<p><strong>\u00c4rztlicher Notdienst<\/strong> <\/p>\n\n\n\n<p>Kostenlose Rufnummer \u00a0 \u00a0 \u00a0 \u00a0 \u00a0 \u00a0 \u00a0 \u00a0 \u00a0 \u00a0 \u00a0 \u00a0 \u00a0 \u00a0 \u00a0 \u00a0\u00a0 <strong>116 117<\/strong> <\/p>\n\n\n\n<p><span style=\"display: inline !important; float: none; background-color: transparent; color: #333333; cursor: text; font-family: 'Libre Franklin','Helvetica Neue',helvetica,arial,sans-serif; font-size: 16px; font-style: normal; font-variant: normal; font-weight: 400; letter-spacing: normal; orphans: 2; text-align: left; text-decoration: none; text-indent: 0px; text-transform: none; -webkit-text-stroke-width: 0px; white-space: normal; word-spacing: 0px;\">Sprechzeiten <\/span>Notfallpraxis St. Agnes Hospital Barloer Weg 125, 46397 <strong>Bocholt<\/strong> <\/p>\n\n\n\n<p>Samstag, Sonntag und an Feiertagen: \u00a0 \u00a0 10 &#8211; 13 Uhr 16 &#8211; 19 Uhr <\/p>\n\n\n\n<p>Mittwoch und Freitag: \u00a0 \u00a0 \u00a0 \u00a0 \u00a0 \u00a0 \u00a0 \u00a0 \u00a0 \u00a0 \u00a0 \u00a0 \u00a0 \u00a0 \u00a0 \u00a0 \u00a0 \u00a0 \u00a0 16 &#8211; 19 Uhr <\/p>\n\n\n\n<p>Montag, Dienstag und Donnerstag: \u00a0 \u00a0 \u00a0 \u00a0 \u00a0 19 &#8211; 21 Uhr <\/p>\n\n\n\n<p>Sprechzeiten Notfallpraxis St. Marien Hospital Am Boltenhof 7, 46325 <strong>Borken<\/strong> <\/p>\n\n\n\n<p><span style=\"display: inline !important; float: none; background-color: transparent; color: #333333; cursor: text; font-family: 'Libre Franklin','Helvetica Neue',helvetica,arial,sans-serif; font-size: 16px; font-style: normal; font-variant: normal; font-weight: 400; letter-spacing: normal; orphans: 2; text-align: left; text-decoration: none; text-indent: 0px; text-transform: none; -webkit-text-stroke-width: 0px; white-space: normal; word-spacing: 0px;\">Samstag, Sonntag und an Feiertagen: \u00a0 \u00a0 10 &#8211; 12 Uhr<\/span> <span style=\"display: inline !important; float: none; background-color: transparent; color: #333333; cursor: text; font-family: 'Libre Franklin','Helvetica Neue',helvetica,arial,sans-serif; font-size: 16px; font-style: normal; font-variant: normal; font-weight: 400; letter-spacing: normal; orphans: 2; text-align: left; text-decoration: none; text-indent: 0px; text-transform: none; -webkit-text-stroke-width: 0px; white-space: normal; word-spacing: 0px;\">\u00a0 17 &#8211; 19 Uhr<\/span> <\/p>\n\n\n\n<p><strong>Apothekennotdienst<\/strong>: \u00a0 \u00a0 \u00a0 \u00a0 \u00a0 \u00a0 \u00a0 \u00a0 \u00a0 \u00a0 \u00a0 \u00a0 \u00a0 \u00a0 \u00a0 \u00a0 \u00a0 \u00a0 \u00a0\u00a0 (<strong>0800<\/strong>)<strong> 022833<\/strong> <\/p>\n\n\n\n<p><strong>Zahn\u00e4rztlicher Notdienst<\/strong> Bocholt \u00a0 \u00a0 \u00a0 \u00a0 \u00a0 \u00a0\u00a0 (<strong>02871<\/strong>)<strong> 488311<\/strong> \u00a0<\/p>\n","protected":false},"excerpt":{"rendered":"<p>&#8211; Praxisbetrieb &#8211; Bitte vereinbaren Sie zun\u00e4chst telefonisch einen Termin f\u00fcr die Sprechstunde. Tel.: 02871 182476 Sprechstundenzeiten: Montag 8 &#8211; 12:30 Uhr und 15 &#8211; 17:30 Uhr Dienstag und Donnerstag durchgehend von 8 &#8211; 16 Uhr Mittwoch und Freitag 8 &#8211; 12:30 Uhr bei Erk\u00e4ltung Erk\u00e4ltungs- bzw. Coronaverdachtsf\u00e4lle bitte nicht in die Praxis eintreten, sondern &hellip; <\/p>\n<p class=\"link-more\"><a href=\"https:\/\/praxis-rodriguez.de\/startseite\/aktuelles\" class=\"more-link\"><span class=\"screen-reader-text\">&#8222;Aktuelles&#8220;<\/span> weiterlesen<\/a><\/p>\n","protected":false},"author":1,"featured_media":258,"parent":0,"menu_order":0,"comment_status":"closed","ping_status":"closed","template":"","meta":[],"_links":{"self":[{"href":"https:\/\/praxis-rodriguez.de\/startseite\/wp-json\/wp\/v2\/pages\/175"}],"collection":[{"href":"https:\/\/praxis-rodriguez.de\/startseite\/wp-json\/wp\/v2\/pages"}],"about":[{"href":"https:\/\/praxis-rodriguez.de\/startseite\/wp-json\/wp\/v2\/types\/page"}],"author":[{"embeddable":true,"href":"https:\/\/praxis-rodriguez.de\/startseite\/wp-json\/wp\/v2\/users\/1"}],"replies":[{"embeddable":true,"href":"https:\/\/praxis-rodriguez.de\/startseite\/wp-json\/wp\/v2\/comments?post=175"}],"version-history":[{"count":13,"href":"https:\/\/praxis-rodriguez.de\/startseite\/wp-json\/wp\/v2\/pages\/175\/revisions"}],"predecessor-version":[{"id":265,"href":"https:\/\/praxis-rodriguez.de\/startseite\/wp-json\/wp\/v2\/pages\/175\/revisions\/265"}],"wp:featuredmedia":[{"embeddable":true,"href":"https:\/\/praxis-rodriguez.de\/startseite\/wp-json\/wp\/v2\/media\/258"}],"wp:attachment":[{"href":"https:\/\/praxis-rodriguez.de\/startseite\/wp-json\/wp\/v2\/media?parent=175"}],"curies":[{"name":"wp","href":"https:\/\/api.w.org\/{rel}","templated":true}]}}