{"id":17,"date":"2018-10-11T07:50:52","date_gmt":"2018-10-11T07:50:52","guid":{"rendered":"http:\/\/praxis-rodriguez.de\/?page_id=17"},"modified":"2022-01-03T08:06:55","modified_gmt":"2022-01-03T08:06:55","slug":"startseite","status":"publish","type":"page","link":"https:\/\/praxis-rodriguez.de\/startseite\/","title":{"rendered":"Liebe Patienten"},"content":{"rendered":"<table style=\"border-collapse: collapse; width: 100.862%; height: 60px;\" border=\"1\">\n<tbody>\n<tr>\n<td style=\"width: 100%;\"><span style=\"color: #0000ff;\"><strong>Coronavirus &#8211; Praxisbetrieb<\/strong><\/span><\/p>\n<p><span style=\"color: #0000ff;\">Termine <em>ausschlie\u00dflich<\/em> nach telefonischer Vereinbarung<\/span><\/p>\n<p><span style=\"color: #0000ff;\">Coronaverdachtsf\u00e4lle werden telefonisch zur\u00fcckgerufen<\/span><br \/>\n<span style=\"color: #0000ff;\">bitte <em><u>nicht<\/u><\/em> in die Praxis kommen.<\/span><\/p>\n<p><span style=\"color: #0000ff;\">Bitte beachten Sie zu Ihrem und unserem Schutz folgende Empfehlungen!!!<\/span><\/p>\n<p><span style=\"color: #0000ff;\">Bitte stellen Sie sich auf\u00a0<em><u>keinen<\/u><\/em>\u00a0Fall bei folgenden Symptomen\u00a0<em><u>unangek\u00fcndigt<\/u><\/em>\u00a0bei uns in der Praxis vor!<\/span><\/p>\n<p><span style=\"color: #0000ff;\">\u2022 Husten, \u2022Schnupfen, \u2022Fieber, \u2022Halskratzen, \u2022Geruch und\u00a0 \u00a0 \u00a0 \u2022Geschmackver\u00e4nderungen oder \u2022Verdacht auf eine Coronavirus-Infektion,<\/span><\/p>\n<p><span style=\"color: #0000ff;\"> Rufen Sie bitte an und schildern Sie Ihre Beschwerden und \u00c4ngste. Wenden Sie sich direkt an uns telefonisch unter 02871 182476<\/span><\/p>\n<p><span style=\"color: #0000ff;\">Vielen Dank!<\/span><\/td>\n<\/tr>\n<\/tbody>\n<\/table>\n<p>Herzlich willkommen zu unserer Haus\u00e4rztlichen und Psychotherapeutischen Praxis, die wir seit Juli 1992 in Gemeinschaft mit Herrn Rudolf Groenewolt. Praktischer Arzt und Psychotherapeut, f\u00fchren. Seit 1999 hat sich Frau Dipl. Psychologin Irmgard Schmitz-Gregor als Psychologische Psychotherapeutin unserem Praxisteam angeschlossen. Frau Diplom Psychologin Kathrin Kr\u00e4mer ist ebenfalls bei uns seit Dezember 2015.<br \/>\nIn den folgenden Seiten erfahren Sie mehr \u00fcber meine Leistungen in der Allgemeinmedizin und die von meinen Partnern.<\/p>\n<p>Anabela Rodriguez de Ocampo<br \/>\nH a u s \u00e4 r z t i n<\/p>\n","protected":false},"excerpt":{"rendered":"<p>Coronavirus &#8211; Praxisbetrieb Termine ausschlie\u00dflich nach telefonischer Vereinbarung Coronaverdachtsf\u00e4lle werden telefonisch zur\u00fcckgerufen bitte nicht in die Praxis kommen. Bitte beachten Sie zu Ihrem und unserem Schutz folgende Empfehlungen!!! Bitte stellen Sie sich auf\u00a0keinen\u00a0Fall bei folgenden Symptomen\u00a0unangek\u00fcndigt\u00a0bei uns in der Praxis vor! \u2022 Husten, \u2022Schnupfen, \u2022Fieber, \u2022Halskratzen, \u2022Geruch und\u00a0 \u00a0 \u00a0 \u2022Geschmackver\u00e4nderungen oder \u2022Verdacht auf eine &hellip; <\/p>\n<p class=\"link-more\"><a href=\"https:\/\/praxis-rodriguez.de\/startseite\/\" class=\"more-link\"><span class=\"screen-reader-text\">&#8222;Liebe Patienten&#8220;<\/span> weiterlesen<\/a><\/p>\n","protected":false},"author":1,"featured_media":257,"parent":0,"menu_order":0,"comment_status":"closed","ping_status":"closed","template":"","meta":[],"_links":{"self":[{"href":"https:\/\/praxis-rodriguez.de\/startseite\/wp-json\/wp\/v2\/pages\/17"}],"collection":[{"href":"https:\/\/praxis-rodriguez.de\/startseite\/wp-json\/wp\/v2\/pages"}],"about":[{"href":"https:\/\/praxis-rodriguez.de\/startseite\/wp-json\/wp\/v2\/types\/page"}],"author":[{"embeddable":true,"href":"https:\/\/praxis-rodriguez.de\/startseite\/wp-json\/wp\/v2\/users\/1"}],"replies":[{"embeddable":true,"href":"https:\/\/praxis-rodriguez.de\/startseite\/wp-json\/wp\/v2\/comments?post=17"}],"version-history":[{"count":14,"href":"https:\/\/praxis-rodriguez.de\/startseite\/wp-json\/wp\/v2\/pages\/17\/revisions"}],"predecessor-version":[{"id":252,"href":"https:\/\/praxis-rodriguez.de\/startseite\/wp-json\/wp\/v2\/pages\/17\/revisions\/252"}],"wp:featuredmedia":[{"embeddable":true,"href":"https:\/\/praxis-rodriguez.de\/startseite\/wp-json\/wp\/v2\/media\/257"}],"wp:attachment":[{"href":"https:\/\/praxis-rodriguez.de\/startseite\/wp-json\/wp\/v2\/media?parent=17"}],"curies":[{"name":"wp","href":"https:\/\/api.w.org\/{rel}","templated":true}]}}